{"id":18,"date":"2022-05-14T18:13:55","date_gmt":"2022-05-14T18:13:55","guid":{"rendered":"https:\/\/chort.me\/blog\/?page_id=18"},"modified":"2022-05-14T18:13:55","modified_gmt":"2022-05-14T18:13:55","slug":"como-puedes-contactarme","status":"publish","type":"page","link":"https:\/\/chort.me\/blog\/como-puedes-contactarme\/","title":{"rendered":"\u00bfComo puedes contactarme?"},"content":{"rendered":"\n<p>El sitio de chort.me es un sitio web independiente creador por mi ISC. Manuel Mora Escobedo. Quiz\u00e1s quieras hacerme una sugerencia para el sitio web, comentarme algun error, hacerme una donaci\u00f3n o simplemente seguirme en mis redes.<br><br>Mis medios tradicionales de contacto pueden ser instagram o discord por lo qu\u00e9 te dejo los enlaces aqu\u00ed abajo. Favor de solo utilizar estos medios de contacto ya qu\u00e9 por tu seguridad no deberiamos utilizar ningun otro para este proposito.<br><\/p>\n\n\n\n<p>Instagram:<br><a href=\"https:\/\/www.instagram.com\/moraasmroficial\/\">https:\/\/www.instagram.com\/moraasmroficial\/<\/a><\/p>\n\n\n\n<p>Discord:<br><a href=\"https:\/\/discord.com\/invite\/g2WxAPv4RQ\">https:\/\/discord.com\/invite\/g2WxAPv4RQ <\/a><\/p>\n\n\n\n<p><\/p>\n","protected":false},"excerpt":{"rendered":"<p>El sitio de chort.me es un sitio web independiente creador por mi ISC. Manuel Mora Escobedo. Quiz\u00e1s quieras hacerme una sugerencia para el sitio web,<\/p>\n","protected":false},"author":1,"featured_media":0,"parent":0,"menu_order":0,"comment_status":"closed","ping_status":"closed","template":"","meta":[],"_links":{"self":[{"href":"https:\/\/chort.me\/blog\/wp-json\/wp\/v2\/pages\/18"}],"collection":[{"href":"https:\/\/chort.me\/blog\/wp-json\/wp\/v2\/pages"}],"about":[{"href":"https:\/\/chort.me\/blog\/wp-json\/wp\/v2\/types\/page"}],"author":[{"embeddable":true,"href":"https:\/\/chort.me\/blog\/wp-json\/wp\/v2\/users\/1"}],"replies":[{"embeddable":true,"href":"https:\/\/chort.me\/blog\/wp-json\/wp\/v2\/comments?post=18"}],"version-history":[{"count":1,"href":"https:\/\/chort.me\/blog\/wp-json\/wp\/v2\/pages\/18\/revisions"}],"predecessor-version":[{"id":19,"href":"https:\/\/chort.me\/blog\/wp-json\/wp\/v2\/pages\/18\/revisions\/19"}],"wp:attachment":[{"href":"https:\/\/chort.me\/blog\/wp-json\/wp\/v2\/media?parent=18"}],"curies":[{"name":"wp","href":"https:\/\/api.w.org\/{rel}","templated":true}]}}